{"id":1167,"date":"2021-05-29T19:30:57","date_gmt":"2021-05-29T17:30:57","guid":{"rendered":"http:\/\/cabinetiai.com\/?page_id=1167"},"modified":"2021-10-02T18:28:05","modified_gmt":"2021-10-02T16:28:05","slug":"recouvrement-de-creances","status":"publish","type":"page","link":"https:\/\/cabinetiai.com\/index.php\/recouvrement-de-creances\/","title":{"rendered":"Recouvrement de cr\u00e9ances"},"content":{"rendered":"<div class=\"wpb-content-wrapper\"><p>[vc_row][vc_column width=\u00a0\u00bb1\/2&Prime;][vc_column_text]<span class=\"fontstyle0\">Forts de notre exp\u00e9rience dans le domaine nous maitrisons la chaine de recouvrement dans sa<br \/>\nglobalit\u00e9. Nos \u00e9quipes prennent en charge l\u2019int\u00e9gralit\u00e9 du recouvrement, de la relance amiable \u00e0 la<br \/>\nproc\u00e9dure judiciaire, nos interventions ne visent qu\u2019un seul objectif :<br \/>\n&#8211; Obtenir un recouvrement de qualit\u00e9 dans le d\u00e9lai<br \/>\nle plus court possible et pour tous types<br \/>\nd\u2019impay\u00e9s et de d\u00e9biteur<br \/>\nCe traitement nous permet d\u2019agir par la n\u00e9gociation, en<br \/>\ndehors de tout proc\u00e8s, ce qui vous permet de conserver<br \/>\nvotre relation client.<br \/>\nMais avant de parler des m\u00e9thodes et des moyens dont<br \/>\nnous disposons nous vous montrerons pourquoi vous<br \/>\ndevez externaliser le recouvrement c\u2019est-\u00e0-dire le confier<br \/>\n\u00e0 un cabinet sp\u00e9cialis\u00e9 dans le domaine.<br \/>\n<\/span>[\/vc_column_text][\/vc_column][vc_column width=\u00a0\u00bb1\/2&Prime;][vc_single_image image=\u00a0\u00bb998&Prime; img_size=\u00a0\u00bbfull\u00a0\u00bb][vc_column_text]<span class=\"fontstyle2\">Raisons li\u00e9es \u00e0 l\u2019efficacit\u00e9<br \/>\n<\/span><span class=\"fontstyle0\">1. L\u2019expertise de notre cabinet offre des Garanties fiables quant au recouvrement des impay\u00e9s.<br \/>\n2. Le statut du cabinet de recouvrement nous conf\u00e8re une autorit\u00e9 naturelle et une \u00ab \u00e9tiquette \u00bb<br \/>\nqui nous permet d\u2019avoir un certain ascendant sur vos d\u00e9biteurs.<br \/>\n3. Nous vous garantissons un personnel fiable et rapide (enqu\u00eateurs courtiers agents de<br \/>\nrecouvrement des juristes un huissier etc.)<br \/>\n4. Un rapport journalier, hebdomadaire ou mensuel en fonctions du nombre de d\u00e9biteur<br \/>\n<\/span><span class=\"fontstyle2\">Facteurs li\u00e9s \u00e0 la flexibilit\u00e9<br \/>\n<\/span><span class=\"fontstyle0\">1. En se concentrant sur son c\u0153ur de m\u00e9tier, l\u2019efficience de votre entreprise n\u2019est pas entam\u00e9e<br \/>\npuisque la gestion est confi\u00e9e au cabinet sp\u00e9cialis\u00e9 dans le domaine. Vous gagnez alors du<br \/>\ntemps pour vous concentre sur vos activit\u00e9s<br \/>\n2. L\u2019efficience \u00e9tant celle du cabinet, de par son degr\u00e9 d\u2019expertise, l\u2019entreprise gagne en<br \/>\nsouplesse et en r\u00e9activit\u00e9.<br \/>\n3. Le mode de contractualisation laisse la possibilit\u00e9 \u00e0 l\u2019entreprise de ne Mandater le cabinet que<br \/>\nponctuellement.<\/span><br \/>\n<span class=\"fontstyle0\">Aussi, votre portefeuille de comp\u00e9tences vous permettrait-il de disposer de la m\u00eame flexibilit\u00e9 \u00e0<br \/>\nl\u2019interne ?<br \/>\n<\/span><span class=\"fontstyle2\">D\u00e9terminants financiers<br \/>\n<\/span><span class=\"fontstyle0\">1. \u00c0 court terme, l\u2019entreprise peut b\u00e9n\u00e9ficier d\u2019un recouvrement imm\u00e9diat, notamment si elle fait<br \/>\nappel \u00e0 une soci\u00e9t\u00e9 d\u2019Affacturage.<br \/>\n2. La politique commerciale des soci\u00e9t\u00e9s de recouvrement garantit une facturation uniquement<br \/>\nsur recouvrement des impay\u00e9s. (nous seront pay\u00e9 apr\u00e8s que vous soyez satisfait)<br \/>\n3. Les risques sont ainsi int\u00e9gralement transf\u00e9r\u00e9s au cabinet. L\u2019entreprise assouplit ainsi sa<br \/>\ncomptabilit\u00e9 (aucunes provisions pour risques et charges).<br \/>\n4. Les charges annexes induites par les actions de relance et de contentieux sont transf\u00e9r\u00e9es au<br \/>\ncabinet (courrier visite transport communication personnels etc.) et tout ceci sans \u00eatre s\u00fbr de<br \/>\nrecouvr\u00e9 votre cr\u00e9ance<\/span>[\/vc_column_text][\/vc_column][\/vc_row]<\/p>\n<\/div>","protected":false},"excerpt":{"rendered":"<p>[vc_row][vc_column width=\u00a0\u00bb1\/2&Prime;][vc_column_text]Forts de notre exp\u00e9rience dans le domaine nous maitrisons la &#8230; <\/p>\n","protected":false},"author":1,"featured_media":0,"parent":0,"menu_order":0,"comment_status":"closed","ping_status":"closed","template":"","meta":{"footnotes":""},"class_list":["post-1167","page","type-page","status-publish","hentry"],"_links":{"self":[{"href":"https:\/\/cabinetiai.com\/index.php\/wp-json\/wp\/v2\/pages\/1167"}],"collection":[{"href":"https:\/\/cabinetiai.com\/index.php\/wp-json\/wp\/v2\/pages"}],"about":[{"href":"https:\/\/cabinetiai.com\/index.php\/wp-json\/wp\/v2\/types\/page"}],"author":[{"embeddable":true,"href":"https:\/\/cabinetiai.com\/index.php\/wp-json\/wp\/v2\/users\/1"}],"replies":[{"embeddable":true,"href":"https:\/\/cabinetiai.com\/index.php\/wp-json\/wp\/v2\/comments?post=1167"}],"version-history":[{"count":5,"href":"https:\/\/cabinetiai.com\/index.php\/wp-json\/wp\/v2\/pages\/1167\/revisions"}],"predecessor-version":[{"id":1224,"href":"https:\/\/cabinetiai.com\/index.php\/wp-json\/wp\/v2\/pages\/1167\/revisions\/1224"}],"wp:attachment":[{"href":"https:\/\/cabinetiai.com\/index.php\/wp-json\/wp\/v2\/media?parent=1167"}],"curies":[{"name":"wp","href":"https:\/\/api.w.org\/{rel}","templated":true}]}}