{"id":1175,"date":"2021-05-29T19:41:51","date_gmt":"2021-05-29T17:41:51","guid":{"rendered":"http:\/\/cabinetiai.com\/?page_id=1175"},"modified":"2021-10-02T18:19:52","modified_gmt":"2021-10-02T16:19:52","slug":"gestion-des-projets-ppp","status":"publish","type":"page","link":"https:\/\/cabinetiai.com\/index.php\/gestion-des-projets-ppp\/","title":{"rendered":"Gestion des projets PPP"},"content":{"rendered":"<div class=\"wpb-content-wrapper\"><p>[vc_row][vc_column width=\u00a0\u00bb1\/2&Prime;][vc_column_text]<span class=\"fontstyle0\">Cabinet IAI fournit des services de gestion de projet enti\u00e8rement int\u00e9gr\u00e9s dans les domaines Suivants :<br \/>\n\u2022 Immobilier<br \/>\n\u2022 Technologies de l\u2019information<br \/>\n\u2022 Programmes \u00e0 but non lucratif et humanitaires<br \/>\nNous participons \u00e9galement \u00e0 la s\u00e9lection des clients de :<br \/>\n\u2022 Ing\u00e9nieurs techniques et civils<br \/>\n\u2022 Conseillers fiscaux<br \/>\n\u2022 Conseillers juridiques<br \/>\n\u2022 Partenaires financiers<br \/>\nNous aidons \u00e9galement \u00e0 d\u00e9finir \/ r\u00e9viser les points cl\u00e9s du projet du client, et \u00e0 s\u2019assurer qu\u2019ils sont achev\u00e9s tout en respectant les TROIS piliers critiques &#8211; \u201cTemps, Qualit\u00e9 et Co\u00fbts\u201d<\/span>[\/vc_column_text][\/vc_column][vc_column width=\u00a0\u00bb1\/2&Prime;][vc_single_image image=\u00a0\u00bb1213&Prime; img_size=\u00a0\u00bbfull\u00a0\u00bb][\/vc_column][\/vc_row][vc_row][vc_column][vc_custom_heading text=\u00a0\u00bbLES PROJETS SUR LESQUELS NOUS AVONS EU A INTERVENIR\u00a0\u00bb font_container=\u00a0\u00bbtag:h2|text_align:center\u00a0\u00bb][\/vc_column][\/vc_row][vc_row][vc_column][vc_column_text]<\/p>\n<ul>\n<li><span class=\"fontstyle0\">Tra\u00e7abilit\u00e9 des cigarettes<\/span><\/li>\n<li><span class=\"fontstyle0\">D\u00e9ploiement d\u2019un syst\u00e8me de r\u00e9cup\u00e9ration des droits d\u2019importations et recette fiscales surles terminaux mobiles<\/span><\/li>\n<li><span class=\"fontstyle0\">Mise en relations entre l\u2019\u00e9tat d\u2019Isra\u00ebl et les pays de l\u2019Afrique de l\u2019Ouest (Niger ; Tchad, etc.)<\/span><\/li>\n<li><span class=\"fontstyle0\">Dans les fournitures de technologie dans le domaine s\u00e9curitaire AVEC LA SOCIETE TITVS limited base \u00e0 HONG KONG<\/span><\/li>\n<li><span class=\"fontstyle0\">Domaine du P\u00e9trole avec L\u2019\u00e9tat de la guin\u00e9e bissau on shore Guinea Bissau TEA<\/span><\/li>\n<li><span class=\"fontstyle0\">Dans le domaine de l\u2019\u00e9nergie avec la soci\u00e9t\u00e9 energy BETHEL ENERGY, LLC Group EUASIQ base au Luxembourg<\/span><\/li>\n<li><span class=\"fontstyle0\">Dans plusieurs domaines avec la soci\u00e9t\u00e9 kenyane Codeb limited baser en Nairobi au kenya<\/span><\/li>\n<li><span class=\"fontstyle0\">Projet de r\u00e9alisation d\u2019une unit\u00e9 de gestion et valorisation de d\u00e9chets municipal<\/span><\/li>\n<li><span class=\"fontstyle0\">Projet de construction du nouvel a\u00e9roport de Bangui en centre Afrique<\/span><\/li>\n<li><span class=\"fontstyle0\">Projet d\u2019\u00e9lectrification en Zambie -Road lighting avec la soci\u00e9t\u00e9 sud-africaine FONROCHE lighting<\/span><\/li>\n<li><span class=\"fontstyle0\">Projet de construction 1000kw solaire en RDC Avec le consortium des soci\u00e9t\u00e9s sud-africaine<\/span><\/li>\n<li><span class=\"fontstyle0\">LIBALELE ENERGY et LAMARJE INVESTMENTS<\/span><\/li>\n<li><span class=\"fontstyle0\">Projet de contrat d\u2019achat et de maintenance d\u2019h\u00e9licopt\u00e8re Avec la soci\u00e9t\u00e9 HELISOTA bas\u00e9 \u00e0 KAUNAS en LITHUANIE<\/span><\/li>\n<li><span class=\"fontstyle0\">Projet d\u2019un complexe h\u00f4telier et de l\u2019appartement de luxe au Niger dans le cadre de l\u2019organisation de l\u2019U.A avec la soci\u00e9t\u00e9 WOFAZ et CLA Inc baser en Californie au ETATS Unis<\/span><\/li>\n<li><span class=\"fontstyle0\">Projet de constructions de logement social au Niger avec la soci\u00e9t\u00e9 ACI S.A et AmsalTurnkeyprojects LTD baser \u00e0 Kano au Nigeria<\/span><\/li>\n<li><span class=\"fontstyle0\">Projet de fournitures de ciment pour la construction de l\u2019h\u00f4tel Radisson et du nouvel a\u00e9roport au Niger avec la soci\u00e9t\u00e9 Sokoto ciment bas\u00e9 \u00e0 Sokoto au Nigeria<\/span><\/li>\n<li><span class=\"fontstyle0\">Projet de construction d\u2019une usine d\u2019engrais d\u2019une capacit\u00e9 de 1000 tonnes par jour au Niger avec la soci\u00e9t\u00e9 Venison international limited baser a IKEJA Lagos au Nigeria<br \/>\n<\/span><\/li>\n<li><span class=\"fontstyle0\">Projet de financement de projet au Niger dans les cadres des nouvelles technologies financement estim\u00e9 \u00e0 100 millions de dollars avec la soci\u00e9t\u00e9 ALMAAHAD ALMUTAGADEM baser \u00e0 KHARTOUM<\/span> <span class=\"fontstyle0\">Projet de financement de projet dans le domaine sanitaire et \u00e9ducation au Niger en partenariat avec la CCCIP (chambre de commerce ivoiro-portugaise baser \u00e0 Abidjan en c\u00f4te d\u2019ivoire<\/span><\/li>\n<li><span class=\"fontstyle0\">Projet de financement d\u2019une \u00e9cole de sant\u00e9 et 2 cliniques au Niger avec le cabinet d\u2019investissement IDC corporation bas\u00e9 \u00e0 Dakar au S\u00e9n\u00e9gal<\/span><\/li>\n<li><span class=\"fontstyle0\">Projet d\u2019optimisation des taxes limite les fraudes dans les domaines du Tabacs et de la t\u00e9l\u00e9communication au Nigeria avec la soci\u00e9t\u00e9 polyhope SA baser \u00e0 New York aux USA<\/span><\/li>\n<li><span class=\"fontstyle0\">Projet de construction d\u2019une usine de fabrication de LED d\u2019une capacit\u00e9 de 60milion d\u2019unit\u00e9<br \/>\npar an au Nigeria avec la soci\u00e9t\u00e9 LED SPIRIT, INC bas\u00e9 \u00e0 las Vegas aux USA<\/span><\/li>\n<li><span class=\"fontstyle0\">Projet de constructions d\u2019une centrale photo volta\u00efque au Niger avec la soci\u00e9t\u00e9 KENAIDIEN CAPITAL CORPORATION bas\u00e9 au canada \u00e0 Toronto et la society China Great Wall Industry<br \/>\ncorporations<\/span><\/li>\n<li><span class=\"fontstyle0\">Financement partiel du r\u00e9gime d\u2019assurance maladie universelle RAMU avec la soci\u00e9t\u00e9 polyhope.SA<\/span><\/li>\n<li><span class=\"fontstyle0\">Projet de carte d\u2019identit\u00e9 national biom\u00e9trique et d\u2019identifications des usagers de t\u00e9l\u00e9communication avec la soci\u00e9t\u00e9 TOPPAN GRAVITY LIMITED base en chine \u00e0 Hong Kong<\/span><\/li>\n<li><span class=\"fontstyle3\">Projet du syst\u00e8me d\u2019exploitation d\u2019optimisation et d\u2019int\u00e9gration pour le compte de la DGI du chiffre d\u2019affaires des op\u00e9rateurs de transfert d\u2019argent en r\u00e9publique du Niger avec la society itransfert base \u00e0 16192 Coastal Highway, Lewes Delaware 19958 country of Sussex<\/span><\/li>\n<\/ul>\n<p>[\/vc_column_text][\/vc_column][\/vc_row]<\/p>\n<\/div>","protected":false},"excerpt":{"rendered":"<p>[vc_row][vc_column width=\u00a0\u00bb1\/2&Prime;][vc_column_text]Cabinet IAI fournit des services de gestion de projet enti\u00e8rement &#8230; <\/p>\n","protected":false},"author":1,"featured_media":0,"parent":0,"menu_order":0,"comment_status":"closed","ping_status":"closed","template":"","meta":{"footnotes":""},"class_list":["post-1175","page","type-page","status-publish","hentry"],"_links":{"self":[{"href":"https:\/\/cabinetiai.com\/index.php\/wp-json\/wp\/v2\/pages\/1175"}],"collection":[{"href":"https:\/\/cabinetiai.com\/index.php\/wp-json\/wp\/v2\/pages"}],"about":[{"href":"https:\/\/cabinetiai.com\/index.php\/wp-json\/wp\/v2\/types\/page"}],"author":[{"embeddable":true,"href":"https:\/\/cabinetiai.com\/index.php\/wp-json\/wp\/v2\/users\/1"}],"replies":[{"embeddable":true,"href":"https:\/\/cabinetiai.com\/index.php\/wp-json\/wp\/v2\/comments?post=1175"}],"version-history":[{"count":5,"href":"https:\/\/cabinetiai.com\/index.php\/wp-json\/wp\/v2\/pages\/1175\/revisions"}],"predecessor-version":[{"id":1257,"href":"https:\/\/cabinetiai.com\/index.php\/wp-json\/wp\/v2\/pages\/1175\/revisions\/1257"}],"wp:attachment":[{"href":"https:\/\/cabinetiai.com\/index.php\/wp-json\/wp\/v2\/media?parent=1175"}],"curies":[{"name":"wp","href":"https:\/\/api.w.org\/{rel}","templated":true}]}}