{"id":1181,"date":"2021-05-29T20:07:37","date_gmt":"2021-05-29T18:07:37","guid":{"rendered":"http:\/\/cabinetiai.com\/?page_id=1181"},"modified":"2021-07-04T12:04:06","modified_gmt":"2021-07-04T10:04:06","slug":"demarches-administratives","status":"publish","type":"page","link":"https:\/\/cabinetiai.com\/index.php\/demarches-administratives\/","title":{"rendered":"D\u00e9marches administratives"},"content":{"rendered":"<div class=\"wpb-content-wrapper\"><p>[vc_row][vc_column width=\u00a0\u00bb1\/2&Prime;][vc_column_text]<\/p>\n<div id=\"comp-javi04oe\" class=\"_2bafp animating-screenIn-exit\" data-testid=\"richTextElement\" data-angle=\"0\" data-angle-style-location=\"style\">\n<p class=\"font_8\">Nous vous accompagnons, \u00e0 domicile ou \u00e0 distance,\u00a0dans la r\u00e9daction, la relecture et la correction de tous vos courriers personnels<\/p>\n<p class=\"font_8\">ainsi que dans toutes vos\u00a0d\u00e9marches administratives\u00a0:<\/p>\n<ul class=\"font_8\">\n<li>\n<p class=\"font_8\">r\u00e9daction de courriers,<\/p>\n<\/li>\n<li>\n<p class=\"font_8\">d\u00e9marches et formalit\u00e9s administratives (s\u00e9curit\u00e9 sociale, imp\u00f4ts, assurance, mutuelle&#8230;),<\/p>\n<\/li>\n<li>\n<p class=\"font_8\">tri et classement de\u00a0papiers,<\/p>\n<\/li>\n<li>\n<p class=\"font_8\">appels t\u00e9l\u00e9phoniques,<\/p>\n<\/li>\n<li>\n<p class=\"font_8\">gestion des abonnements<\/p>\n<\/li>\n<li>\n<p class=\"font_8\">utilisation de son\u00a0ordinateur et d&rsquo;internet,<\/p>\n<\/li>\n<li>\n<p class=\"font_8\">et toute autre demande&#8230;<\/p>\n<\/li>\n<\/ul>\n<\/div>\n<p>[\/vc_column_text][\/vc_column][vc_column width=\u00a0\u00bb1\/2&Prime;][vc_single_image image=\u00a0\u00bb1208&Prime; img_size=\u00a0\u00bbfull\u00a0\u00bb][\/vc_column][\/vc_row]<\/p>\n<\/div>","protected":false},"excerpt":{"rendered":"<p>[vc_row][vc_column width=\u00a0\u00bb1\/2&Prime;][vc_column_text] Nous vous accompagnons, \u00e0 domicile ou \u00e0 distance,\u00a0dans la &#8230; <\/p>\n","protected":false},"author":1,"featured_media":0,"parent":0,"menu_order":0,"comment_status":"closed","ping_status":"closed","template":"","meta":{"footnotes":""},"class_list":["post-1181","page","type-page","status-publish","hentry"],"_links":{"self":[{"href":"https:\/\/cabinetiai.com\/index.php\/wp-json\/wp\/v2\/pages\/1181"}],"collection":[{"href":"https:\/\/cabinetiai.com\/index.php\/wp-json\/wp\/v2\/pages"}],"about":[{"href":"https:\/\/cabinetiai.com\/index.php\/wp-json\/wp\/v2\/types\/page"}],"author":[{"embeddable":true,"href":"https:\/\/cabinetiai.com\/index.php\/wp-json\/wp\/v2\/users\/1"}],"replies":[{"embeddable":true,"href":"https:\/\/cabinetiai.com\/index.php\/wp-json\/wp\/v2\/comments?post=1181"}],"version-history":[{"count":3,"href":"https:\/\/cabinetiai.com\/index.php\/wp-json\/wp\/v2\/pages\/1181\/revisions"}],"predecessor-version":[{"id":1212,"href":"https:\/\/cabinetiai.com\/index.php\/wp-json\/wp\/v2\/pages\/1181\/revisions\/1212"}],"wp:attachment":[{"href":"https:\/\/cabinetiai.com\/index.php\/wp-json\/wp\/v2\/media?parent=1181"}],"curies":[{"name":"wp","href":"https:\/\/api.w.org\/{rel}","templated":true}]}}