{"id":9,"date":"2017-06-10T08:21:56","date_gmt":"2017-06-10T08:21:56","guid":{"rendered":"http:\/\/xtratheme.com\/business\/?page_id=4"},"modified":"2023-03-05T17:11:13","modified_gmt":"2023-03-05T16:11:13","slug":"home","status":"publish","type":"page","link":"https:\/\/cabinetiai.com\/","title":{"rendered":"Home"},"content":{"rendered":"<div class=\"wpb-content-wrapper\"><p>[vc_row][vc_column]<div class=\"cz_gap clr  hide_on_tablet hide_on_mobile\" style=\"height: 38px\"><\/div><div class=\"cz_gap show_on_tablet clr \" style=\"height: 100px\"><\/div>[\/vc_column][\/vc_row][vc_row][vc_column width=\u00a0\u00bb1\/3&Prime;]<a href=\"http:\/\/cabinetiai.com\/index.php\/recouvrement-de-creances\"><div id=\"cz_94048\" class=\"cz_94048 services clr style1 cz_sbi_fx_10 services_b\"><div class=\"service_custom\"><i class=\"fa czico-110-calendar\"><\/i><\/div><div class=\"service_text\"><h3>Recouvrement de cr\u00e9ances<\/h3><div class=\"cz_wpe_content\"><\/div><\/div><\/div><\/a><div class=\"cz_gap clr  hide_on_tablet hide_on_mobile\" style=\"height: 38px\"><\/div><div class=\"cz_gap show_on_tablet clr \" style=\"height: 100px\"><\/div>[\/vc_column][vc_column width=\u00a0\u00bb1\/3&Prime;]<a href=\"http:\/\/cabinetiai.com\/index.php\/intermediation\"><div id=\"cz_94243\" class=\"cz_94243 services clr style1 cz_sbi_fx_10 services_b\"><div class=\"service_custom\"><i class=\"fa czico-097-user-3\"><\/i><\/div><div class=\"service_text\"><h3>Interm\u00e9diation<\/h3><div class=\"cz_wpe_content\"><\/div><\/div><\/div><\/a>[\/vc_column][vc_column width=\u00a0\u00bb1\/3&Prime;]<a href=\"http:\/\/cabinetiai.com\/index.php\/gestion-des-projets-ppp\/\"><div id=\"cz_34267\" class=\"cz_34267 services clr style1 cz_sbi_fx_10 services_b\"><div class=\"service_custom\"><i class=\"fa czico-109-clock-1\"><\/i><\/div><div class=\"service_text\"><h3>Gestion des Projets PPP<\/h3><div class=\"cz_wpe_content\"><\/div><\/div><\/div><\/a>[\/vc_column][\/vc_row][vc_row][vc_column width=\u00a0\u00bb1\/3&Prime;]<a href=\"http:\/\/cabinetiai.com\/index.php\/conseils-et-assitance-juridique\/\" title=\"Conseils et assitance juridique\" aria-label=\"Conseils et assitance juridique\"><div id=\"cz_82480\" class=\"cz_82480 services clr style1 cz_sbi_fx_10 services_b\"><div class=\"service_custom\"><i class=\"fa fa-bank\"><\/i><\/div><div class=\"service_text\"><h3>Conseils et assistances juridiques<\/h3><div class=\"cz_wpe_content\"><\/div><\/div><\/div><\/a><div class=\"cz_gap clr  hide_on_tablet hide_on_mobile\" style=\"height: 38px\"><\/div><div class=\"cz_gap show_on_tablet clr \" style=\"height: 100px\"><\/div>[\/vc_column][vc_column width=\u00a0\u00bb1\/3&Prime;]<a href=\"http:\/\/cabinetiai.com\/index.php\/demarches-administratives\/\" title=\"D\u00e9marches administratives\" aria-label=\"D\u00e9marches administratives\"><div id=\"cz_96511\" class=\"cz_96511 services clr style1 cz_sbi_fx_10 services_b\"><div class=\"service_custom\"><i class=\"fa fa-file-text\"><\/i><\/div><div class=\"service_text\"><h3>D\u00e9marches administratives<\/h3><div class=\"cz_wpe_content\"><\/div><\/div><\/div><\/a>[\/vc_column][vc_column width=\u00a0\u00bb1\/3&Prime;]<a href=\"http:\/\/cabinetiai.com\/index.php\/conseils-et-assistance-fiscale\/\" title=\"Conseils et assistance fiscale\" aria-label=\"Conseils et assistance fiscale\"><div id=\"cz_44253\" class=\"cz_44253 services clr style1 cz_sbi_fx_10 services_b\"><div class=\"service_custom\"><i class=\"fa czico-086-speech-bubble-3\"><\/i><\/div><div class=\"service_text\"><h3>Conseils et assistance fiscale<\/h3><div class=\"cz_wpe_content\"><\/div><\/div><\/div><\/a>[\/vc_column][\/vc_row][vc_row full_width=\u00a0\u00bbstretch_row\u00a0\u00bb parallax=\u00a0\u00bbcontent-moving\u00a0\u00bb css=\u00a0\u00bb.vc_custom_1582074620897{padding-top: 130px !important;padding-bottom: 130px !important;background-color: #2b2626 !important;}\u00a0\u00bb][vc_column width=\u00a0\u00bb1\/2&Prime;]<div id=\"cz_33480\" class=\"cz_33480 cz_title clr cz_title_has_bg cz_title_ba_line cz_title_pos_inline\"><div class=\"cz_title_content\"><div class=\"cz_wpe_content\"><p><span style=\"font-size: 42px; font-family: Montserrat; color: #105183;\"><span style=\"font-weight: 200;\">Pr\u00e9sentation<\/span><\/span><\/p>\n<p>Le cabinet d\u2019affaires IAI\u00a0 est une entreprise \u00a0sp\u00e9cialis\u00e9e qui fournit \u00a0aussi des<\/p>\n<p>Projets d\u2019infrastructures gouvernementales \u00e0 des groupes<\/p>\n<p>D\u2019investisseurs \u00e0 la recherche de grandes et moyennes<\/p>\n<p>Opportunit\u00e9s en Afrique et finance directement des projets<\/p>\n<p>De petite et moyenne dimension dans des domaines<\/p>\n<p>Sp\u00e9cifiques de d\u00e9veloppement.<\/p>\n<p>Notre mission est de rendre le processus de faire des<\/p>\n<p>Affaires en Afrique plus fluide et plus transparent pour les<\/p>\n<p>Investisseurs; et apporter aux gouvernements africains<\/p>\n<p>L\u2019expertise technique et les solutions de financement pour<\/p>\n<p>Leurs projets prioritaires d\u2019infrastructure.<\/p>\n<p>Nos services s\u2019\u00e9tendent au soutien des clients dans les<\/p>\n<p>N\u00e9gociations avec les syst\u00e8mes bureaucratiques r\u00e9gionaux<\/p>\n<p>Et \/ ou nationaux pour faciliter un processus plus rapide, de<\/p>\n<p>La manifestation d\u2019int\u00e9r\u00eat, \u00e0 la signature finale du contrat.<\/p>\n<p>Avec plusieurs ann\u00e9es d\u2019exp\u00e9rience dans le domaine du<\/p>\n<p>D\u00e9veloppement de projets et du courtage d\u2019investissement<\/p>\n<p>En Afrique, le Cabinet IAI \u00a0est la r\u00e9ponse \u00e0 vos<\/p>\n<p>Int\u00e9r\u00eats commerciaux en Afrique.<\/p>\n<\/div><div class=\"cz_title_line cz_line_after_title\"><span>_<\/span><\/div><\/div><\/div><div class=\"cz_gap clr  hide_on_tablet hide_on_mobile\" style=\"height: 0px\"><\/div><div class=\"cz_gap show_on_tablet clr \" style=\"height: 50px\"><\/div>[\/vc_column][vc_column width=\u00a0\u00bb1\/2&Prime;]<div id=\"cz_75307\" class=\"cz_75307 cz_image clr cz_image_no_fx\"><div class=\"\" ><div class=\"cz_image_in\"><div class=\"cz_main_image\"><img decoding=\"async\" width=\"729\" height=\"834\" src=\"data:image\/svg+xml,%3Csvg%20xmlns%3D&#39;http%3A%2F%2Fwww.w3.org%2F2000%2Fsvg&#39;%20width=&#39;729&#39;%20height=&#39;834&#39;%20viewBox%3D&#39;0%200%20729%20834&#39;%2F%3E\" data-czlz data-src=\"https:\/\/cabinetiai.com\/wp-content\/uploads\/2022\/01\/WhatsApp-Image-2022-01-12-at-11.47.09.jpeg\" class=\"attachment-large\" alt=\"\" title=\"WhatsApp Image 2022-01-12 at 11.47.09\" data-srcset=\"https:\/\/cabinetiai.com\/wp-content\/uploads\/2022\/01\/WhatsApp-Image-2022-01-12-at-11.47.09.jpeg 729w, https:\/\/cabinetiai.com\/wp-content\/uploads\/2022\/01\/WhatsApp-Image-2022-01-12-at-11.47.09-262x300.jpeg 262w, https:\/\/cabinetiai.com\/wp-content\/uploads\/2022\/01\/WhatsApp-Image-2022-01-12-at-11.47.09-600x686.jpeg 600w\" data-sizes=\"(max-width: 729px) 100vw, 729px\" \/><\/div><\/div><\/div><\/div>[\/vc_column][\/vc_row][vc_row][vc_column]<div id=\"cz_66098\" class=\"cz_66098 cz_title clr cz_title_pos_inline tac\"><div class=\"cz_title_content\"><div class=\"cz_wpe_content\"><h3 style=\"text-align: center;\"><span style=\"font-size: 38px; font-weight: 400;\">Ils nous ont fait confiance<br \/>\n<\/span><\/h3>\n<\/div><\/div><\/div><div class=\"cz_gap clr \" style=\"height: 60px\"><\/div>[vc_images_carousel images=\u00a0\u00bb1139,1140,1141,1142,1143,1144,1145,1146,1147,1148,1149,1150,1151,1152,1153,1154,1155,1156,1157,1158,1159,1160&Prime; img_size=\u00a0\u00bbfull\u00a0\u00bb slides_per_view=\u00a0\u00bb7&Prime; autoplay=\u00a0\u00bbyes\u00a0\u00bb hide_pagination_control=\u00a0\u00bbyes\u00a0\u00bb wrap=\u00a0\u00bbyes\u00a0\u00bb]<div class=\"cz_gap clr  hide_on_tablet hide_on_mobile\" style=\"height: 64px\"><\/div><div class=\"cz_gap show_on_tablet clr \" style=\"height: 32px\"><\/div>[\/vc_column][\/vc_row][vc_row full_width=\u00a0\u00bbstretch_row\u00a0\u00bb parallax=\u00a0\u00bbcontent-moving\u00a0\u00bb css=\u00a0\u00bb.vc_custom_1582071258031{padding-top: 130px !important;padding-bottom: 130px !important;background-color: #252c2c !important;}\u00a0\u00bb][vc_column]<div id=\"cz_27923\" class=\"cz_27923 cz_title clr cz_title_pos_inline tac\"><div class=\"cz_title_content\"><div class=\"cz_wpe_content\"><h3 style=\"text-align: center;\"><span style=\"font-size: 38px; color: #ffffff;\">Le Cabinet IAI en chiffres<br \/>\n<\/span><\/h3>\n<\/div><\/div><\/div><div class=\"cz_gap clr \" style=\"height: 80px\"><\/div>[vc_row_inner][vc_column_inner width=\u00a0\u00bb1\/2&Prime; offset=\u00a0\u00bbvc_col-md-3&Prime;]<div id=\"cz_105376\" data-disable-comma=\"\" data-duration=\"4000\" data-delay=\"0000\" class=\"cz_105376 cz_counter clr tac cz_2rows\"><div class=\"\"><span class=\"cz_counter_num_wrap\"><span class=\"cz_counter_num\">50<\/span><i>+<\/i><\/span><span class=\"cz_counter_after\">Clients<\/span><\/div><\/div>[\/vc_column_inner][vc_column_inner width=\u00a0\u00bb1\/2&Prime; offset=\u00a0\u00bbvc_col-md-3&Prime;]<div id=\"cz_92449\" data-disable-comma=\"\" data-duration=\"4000\" data-delay=\"1000\" class=\"cz_92449 cz_counter clr tac cz_2rows\"><div class=\"\"><span class=\"cz_counter_num_wrap\"><span class=\"cz_counter_num\">3900<\/span><\/span><span class=\"cz_counter_after\">Recouvrements effectu\u00e9s<\/span><\/div><\/div>[\/vc_column_inner][vc_column_inner width=\u00a0\u00bb1\/2&Prime; offset=\u00a0\u00bbvc_col-md-3&Prime;]<div id=\"cz_86975\" data-disable-comma=\"\" data-duration=\"4000\" data-delay=\"2000\" class=\"cz_86975 cz_counter clr tac cz_2rows\"><div class=\"\"><span class=\"cz_counter_num_wrap\"><span class=\"cz_counter_num\">17<\/span><i>+<\/i><\/span><span class=\"cz_counter_after\">Agents<\/span><\/div><\/div>[\/vc_column_inner][vc_column_inner width=\u00a0\u00bb1\/2&Prime; offset=\u00a0\u00bbvc_col-md-3&Prime;]<div id=\"cz_52609\" data-disable-comma=\"\" data-duration=\"4000\" data-delay=\"2000\" class=\"cz_52609 cz_counter clr tac cz_2rows\"><div class=\"\"><span class=\"cz_counter_num_wrap\"><span class=\"cz_counter_num\">96<\/span><i>%<\/i><\/span><span class=\"cz_counter_after\">de Succ\u00e8s<\/span><\/div><\/div>[\/vc_column_inner][\/vc_row_inner][\/vc_column][\/vc_row][vc_row][vc_column]<div class=\"cz_gap clr  hide_on_tablet hide_on_mobile\" style=\"height: 40px\"><\/div><div class=\"cz_gap show_on_tablet clr \" style=\"height: 43px\"><\/div>[\/vc_column][\/vc_row][vc_row full_width=\u00a0\u00bbstretch_row_content\u00a0\u00bb css=\u00a0\u00bb.vc_custom_1583081920481{background-color: #105183 !important;}\u00a0\u00bb][vc_column][\/vc_column][\/vc_row][vc_row][vc_column offset=\u00a0\u00bbvc_col-md-6&Prime;]<div id=\"cz_65928\" class=\"cz_65928 cz_title clr cz_mobile_text_center cz_title_pos_inline\"><div class=\"cz_title_content\"><div class=\"cz_wpe_content\"><h3><span style=\"font-size: 38px; font-weight: 400;\">Nos moyens<br \/>\n<\/span><\/h3>\n<\/div><\/div><\/div><div class=\"cz_gap clr  hide_on_tablet hide_on_mobile\" style=\"height: 17px\"><\/div><div class=\"cz_gap show_on_tablet clr \" style=\"height: 50px\"><\/div><div class=\"cz_gap clr  hide_on_tablet hide_on_mobile\" style=\"height: 22px\"><\/div><div class=\"cz_gap show_on_tablet clr \" style=\"height: 22px\"><\/div><div class=\"cz_gap clr  hide_on_tablet hide_on_mobile\" style=\"height: 0px\"><\/div><div class=\"cz_gap show_on_tablet clr \" style=\"height: 50px\"><\/div>[vc_column_text]Nous disposons\u00a0:<\/p>\n<p>De deux cellules de recouvrement (Amiable et forc\u00e9),D\u2019un personnel qui assure le contact t\u00e9l\u00e9phonique, D\u2019un interlocuteur unique \u00e0 l\u2019\u00e9tude,D\u2019un enqu\u00eateur,Des courtiers<\/p>\n<p>Des agents de recouvrement exp\u00e9riment\u00e9 (Niamey Dosso Maradi Zinder Tillab\u00e9ry et Kollo)<\/p>\n<p>Les rapports de collecte et de relances peuvent \u00eatre \u00a0journalier hebdomadaire ou mensuel<\/p>\n<p>&nbsp;[\/vc_column_text]<div class=\"cz_gap clr  hide_on_tablet hide_on_mobile\" style=\"height: 22px\"><\/div><div class=\"cz_gap show_on_tablet clr \" style=\"height: 22px\"><\/div>[\/vc_column][vc_column offset=\u00a0\u00bbvc_col-md-6&Prime;]<div id=\"cz_59306\" class=\"cz_59306 cz_image clr cz_image_no_fx center_on_mobile\"><div class=\"\" ><div class=\"cz_image_in\"><div class=\"cz_main_image\"><img decoding=\"async\" class=\"\" src=\"data:image\/svg+xml,%3Csvg%20xmlns%3D&#39;http%3A%2F%2Fwww.w3.org%2F2000%2Fsvg&#39;%20width=&#39;500&#39;%20height=&#39;500&#39;%20viewBox%3D&#39;0%200%20500%20500&#39;%2F%3E\" data-czlz data-src=\"https:\/\/cabinetiai.com\/wp-content\/uploads\/2021\/01\/WhatsApp-Image-2018-01-31-at-16.51.26-1024x1024-1-500x500.jpeg\" width=\"500\" height=\"500\" alt=\"WhatsApp-Image-2018-01-31-at-16.51.26-1024x1024\" title=\"WhatsApp-Image-2018-01-31-at-16.51.26-1024x1024\" loading=\"lazy\" \/><\/div><\/div><\/div><\/div>[\/vc_column][\/vc_row][vc_row][vc_column]<div id=\"cz_73131\" class=\"cz_73131 cz_title clr cz_mobile_text_center cz_title_pos_inline tac\"><div class=\"cz_title_content\"><div class=\"cz_wpe_content\"><h3 style=\"text-align: center;\"><span style=\"font-size: 38px; font-weight: 400;\">Distinctions et r\u00e9compenses<br \/>\n<\/span><\/h3>\n<\/div><\/div><\/div>[\/vc_column][\/vc_row][vc_row][vc_column][vc_images_carousel images=\u00a0\u00bb1229,1231,1232,1233,1234,1235,1236,1237,1238,1239&Prime; img_size=\u00a0\u00bbfull\u00a0\u00bb slides_per_view=\u00a0\u00bb7&Prime; autoplay=\u00a0\u00bbyes\u00a0\u00bb hide_pagination_control=\u00a0\u00bbyes\u00a0\u00bb hide_prev_next_buttons=\u00a0\u00bbyes\u00a0\u00bb wrap=\u00a0\u00bbyes\u00a0\u00bb][\/vc_column][\/vc_row]<\/p>\n<\/div>","protected":false},"excerpt":{"rendered":"<p>[vc_row][vc_column][\/vc_column][\/vc_row][vc_row][vc_column width=\u00a0\u00bb1\/3&Prime;][\/vc_column][vc_column width=\u00a0\u00bb1\/3&Prime;][\/vc_column][vc_column width=\u00a0\u00bb1\/3&Prime;][\/vc_column][\/vc_row][vc_row][vc_column width=\u00a0\u00bb1\/3&Prime;][\/vc_column][vc_column width=\u00a0\u00bb1\/3&Prime;][\/vc_column][vc_column width=\u00a0\u00bb1\/3&Prime;][\/vc_column][\/vc_row][vc_row full_width=\u00a0\u00bbstretch_row\u00a0\u00bb parallax=\u00a0\u00bbcontent-moving\u00a0\u00bb css=\u00a0\u00bb.vc_custom_1582074620897{padding-top: 130px &#8230; <\/p>\n","protected":false},"author":1,"featured_media":0,"parent":0,"menu_order":0,"comment_status":"closed","ping_status":"closed","template":"","meta":{"footnotes":""},"class_list":["post-9","page","type-page","status-publish","hentry"],"_links":{"self":[{"href":"https:\/\/cabinetiai.com\/index.php\/wp-json\/wp\/v2\/pages\/9"}],"collection":[{"href":"https:\/\/cabinetiai.com\/index.php\/wp-json\/wp\/v2\/pages"}],"about":[{"href":"https:\/\/cabinetiai.com\/index.php\/wp-json\/wp\/v2\/types\/page"}],"author":[{"embeddable":true,"href":"https:\/\/cabinetiai.com\/index.php\/wp-json\/wp\/v2\/users\/1"}],"replies":[{"embeddable":true,"href":"https:\/\/cabinetiai.com\/index.php\/wp-json\/wp\/v2\/comments?post=9"}],"version-history":[{"count":49,"href":"https:\/\/cabinetiai.com\/index.php\/wp-json\/wp\/v2\/pages\/9\/revisions"}],"predecessor-version":[{"id":1260,"href":"https:\/\/cabinetiai.com\/index.php\/wp-json\/wp\/v2\/pages\/9\/revisions\/1260"}],"wp:attachment":[{"href":"https:\/\/cabinetiai.com\/index.php\/wp-json\/wp\/v2\/media?parent=9"}],"curies":[{"name":"wp","href":"https:\/\/api.w.org\/{rel}","templated":true}]}}